{"id":12349,"date":"2026-04-27T13:37:20","date_gmt":"2026-04-27T13:37:20","guid":{"rendered":"https:\/\/3eteknoloji.com\/?page_id=12349"},"modified":"2026-04-27T13:39:42","modified_gmt":"2026-04-27T13:39:42","slug":"firsat-reyonu","status":"publish","type":"page","link":"https:\/\/3eteknoloji.com\/index.php\/firsat-reyonu\/","title":{"rendered":"F\u0131rsat Reyonu"},"content":{"rendered":"\t\t<div data-elementor-type=\"wp-page\" data-elementor-id=\"12349\" class=\"elementor elementor-12349\">\n\t\t\t\t<div class=\"wd-negative-gap elementor-element elementor-element-71d2053 e-flex e-con-boxed e-con e-parent\" data-id=\"71d2053\" data-element_type=\"container\" data-e-type=\"container\">\n\t\t\t\t\t<div class=\"e-con-inner\">\n\t\t\t\t<div class=\"elementor-element elementor-element-e9fce7e wd-width-100 elementor-widget elementor-widget-wd_products\" data-id=\"e9fce7e\" data-element_type=\"widget\" data-e-type=\"widget\" data-widget_type=\"wd_products.default\">\n\t\t\t\t<div class=\"elementor-widget-container\">\n\t\t\t\t\t\t\t\t\t\t<div class=\"wd-products-element\">\n\n\t\t\t\n\t\t\t\n\t\t\t\n\t\t\t\n\t\t\t<div class=\"products wd-products grid-columns-5 elements-grid title-line-one wd-grid-g wd-stretch-cont-lg\" data-paged=\"1\" data-atts=\"{&quot;speed&quot;:null,&quot;slides_per_view&quot;:null,&quot;wrap&quot;:null,&quot;autoplay&quot;:null,&quot;autoheight&quot;:null,&quot;hide_pagination_control&quot;:null,&quot;dynamic_pagination_control&quot;:null,&quot;hide_prev_next_buttons&quot;:null,&quot;carousel_arrows_position&quot;:null,&quot;hide_scrollbar&quot;:null,&quot;scroll_per_page&quot;:null,&quot;center_mode&quot;:null,&quot;spacing&quot;:&quot;&quot;,&quot;carousel_sync&quot;:null,&quot;sync_parent_id&quot;:null,&quot;sync_child_id&quot;:null,&quot;scroll_carousel_init&quot;:null,&quot;disable_overflow_carousel&quot;:null,&quot;include&quot;:null,&quot;taxonomies&quot;:[&quot;290&quot;],&quot;meta_key&quot;:null,&quot;shop_tools&quot;:null,&quot;ajax_recently_viewed&quot;:null,&quot;pagination_arrows_position&quot;:null,&quot;items_per_page&quot;:50,&quot;columns&quot;:{&quot;unit&quot;:&quot;px&quot;,&quot;size&quot;:5,&quot;sizes&quot;:[]},&quot;products_masonry&quot;:&quot;&quot;,&quot;products_different_sizes&quot;:&quot;&quot;,&quot;product_quantity&quot;:&quot;&quot;,&quot;sale_countdown&quot;:&quot;0&quot;,&quot;stretch_product&quot;:null,&quot;stock_progress_bar&quot;:&quot;0&quot;,&quot;highlighted_products&quot;:&quot;0&quot;,&quot;products_divider&quot;:null,&quot;products_bordered_grid&quot;:&quot;0&quot;,&quot;products_bordered_grid_style&quot;:null,&quot;products_with_background&quot;:&quot;0&quot;,&quot;products_shadow&quot;:&quot;0&quot;,&quot;img_size&quot;:&quot;large&quot;,&quot;img_size_custom&quot;:null,&quot;grid_gallery_control&quot;:null,&quot;grid_gallery_enable_arrows&quot;:null,&quot;elementor&quot;:true,&quot;force_not_ajax&quot;:&quot;no&quot;}\" data-source=\"shortcode\" data-columns=\"5\" data-grid-gallery=\"{&quot;grid_gallery&quot;:&quot;1&quot;,&quot;grid_gallery_control&quot;:&quot;hover&quot;,&quot;grid_gallery_enable_arrows&quot;:&quot;none&quot;}\" style=\"--wd-col-lg:5;--wd-col-md:4;--wd-col-sm:2;--wd-gap-lg:20px;--wd-gap-sm:10px;\">\n\t\t\n\t\t\t\t\t\t\t\t<div class=\"wd-product wd-hover-quick wd-col product-grid-item product type-product post-12226 status-publish instock product_cat-firsat-urunleri product_cat-lifepo4 product_cat-lifepo4-hucre product_tag-fr4-0-5mm-17x20cm-230-314-ah-hucreler-icin-izalasyon has-post-thumbnail shipping-taxable purchasable product-type-simple\" data-loop=\"1\" data-id=\"12226\">\n\t\t\t\t\n\t\n<div class=\"product-wrapper\">\n\t<div class=\"product-element-top wd-quick-shop\">\n\t\t<a href=\"https:\/\/3eteknoloji.com\/index.php\/urun\/fr4-0-5mm-17x20cm-230-314-ah-hucreler-icin-izalasyon-4-adet-adet\/\" class=\"product-image-link\" tabindex=\"-1\" aria-label=\"Fr4 0.5mm 17x20cm 230-314 ah h\u00fccreler i\u00e7in izalasyon 4 adet adet\">\n\t\t\t\t\t<div class=\"wd-product-grid-slider wd-fill\">\n\t\t\t\t\t\t\t<div class=\"wd-product-grid-slide\" data-image-url=\"https:\/\/3eteknoloji.com\/wp-content\/uploads\/2026\/01\/envato-labs-image-edit-5.png\" data-image-srcset=\"https:\/\/3eteknoloji.com\/wp-content\/uploads\/2026\/01\/envato-labs-image-edit-5.png 1000w, https:\/\/3eteknoloji.com\/wp-content\/uploads\/2026\/01\/envato-labs-image-edit-5-300x300.png 300w, https:\/\/3eteknoloji.com\/wp-content\/uploads\/2026\/01\/envato-labs-image-edit-5-150x150.png 150w, https:\/\/3eteknoloji.com\/wp-content\/uploads\/2026\/01\/envato-labs-image-edit-5-768x768.png 768w, https:\/\/3eteknoloji.com\/wp-content\/uploads\/2026\/01\/envato-labs-image-edit-5-600x600.png 600w\" data-image-id=\"0\"><\/div>\n\t\t\t\t\t\t\t<div class=\"wd-product-grid-slide\" data-image-url=\"https:\/\/3eteknoloji.com\/wp-content\/uploads\/2026\/01\/fr4-05mm-100ah-hucreler-icin-izalasyon-4-adet-takim.webp\" data-image-srcset=\"https:\/\/3eteknoloji.com\/wp-content\/uploads\/2026\/01\/fr4-05mm-100ah-hucreler-icin-izalasyon-4-adet-takim.webp 800w, https:\/\/3eteknoloji.com\/wp-content\/uploads\/2026\/01\/fr4-05mm-100ah-hucreler-icin-izalasyon-4-adet-takim-300x300.webp 300w, https:\/\/3eteknoloji.com\/wp-content\/uploads\/2026\/01\/fr4-05mm-100ah-hucreler-icin-izalasyon-4-adet-takim-150x150.webp 150w, https:\/\/3eteknoloji.com\/wp-content\/uploads\/2026\/01\/fr4-05mm-100ah-hucreler-icin-izalasyon-4-adet-takim-768x768.webp 768w, https:\/\/3eteknoloji.com\/wp-content\/uploads\/2026\/01\/fr4-05mm-100ah-hucreler-icin-izalasyon-4-adet-takim-600x600.webp 600w\" data-image-id=\"1\"><\/div>\n\t\t\t\t\t<\/div>\n\n\t\t\n\t\t\t\t<img loading=\"lazy\" decoding=\"async\" width=\"1000\" height=\"1000\" src=\"https:\/\/3eteknoloji.com\/wp-content\/uploads\/2026\/01\/envato-labs-image-edit-5.png\" class=\"attachment-large size-large\" alt=\"\" srcset=\"https:\/\/3eteknoloji.com\/wp-content\/uploads\/2026\/01\/envato-labs-image-edit-5.png 1000w, https:\/\/3eteknoloji.com\/wp-content\/uploads\/2026\/01\/envato-labs-image-edit-5-300x300.png 300w, https:\/\/3eteknoloji.com\/wp-content\/uploads\/2026\/01\/envato-labs-image-edit-5-150x150.png 150w, https:\/\/3eteknoloji.com\/wp-content\/uploads\/2026\/01\/envato-labs-image-edit-5-768x768.png 768w, https:\/\/3eteknoloji.com\/wp-content\/uploads\/2026\/01\/envato-labs-image-edit-5-600x600.png 600w\" sizes=\"auto, (max-width: 1000px) 100vw, 1000px\" \/>\t\t<\/a>\n\n\t\t\t\t<div class=\"wd-buttons wd-pos-r-t\">\n\t\t\t\t\t\t\t\t<div class=\"wd-compare-btn product-compare-button wd-action-btn wd-style-icon wd-compare-icon\">\n\t\t\t<a href=\"https:\/\/3eteknoloji.com\/index.php\/karsilastir\/\" data-id=\"12226\" rel=\"nofollow\" data-added-text=\"\u00dcr\u00fcnleri kar\u015f\u0131la\u015ft\u0131r\">\n\t\t\t\t<span class=\"wd-added-icon\"><\/span>\n\t\t\t\t<span class=\"wd-action-text\">Add to compare<\/span>\n\t\t\t<\/a>\n\t\t<\/div>\n\t\t\t\t\t\t\t<div class=\"quick-view wd-action-btn wd-style-icon wd-quick-view-icon\">\n\t\t\t<a\n\t\t\t\thref=\"https:\/\/3eteknoloji.com\/index.php\/urun\/fr4-0-5mm-17x20cm-230-314-ah-hucreler-icin-izalasyon-4-adet-adet\/\"\n\t\t\t\tclass=\"open-quick-view quick-view-button\"\n\t\t\t\trel=\"nofollow\"\n\t\t\t\tdata-id=\"12226\"\n\t\t\t\t>H\u0131zl\u0131 Bak<\/a>\n\t\t<\/div>\n\t\t\t\t\t\t\t\t<div class=\"wd-wishlist-btn wd-action-btn wd-style-icon wd-wishlist-icon\">\n\t\t\t\t<a class=\"\" href=\"https:\/\/3eteknoloji.com\/index.php\/istek-listesi\/\" data-key=\"200f7f020e\" data-product-id=\"12226\" rel=\"nofollow\" data-added-text=\"Browse wishlist\">\n\t\t\t\t\t<span class=\"wd-added-icon\"><\/span>\n\t\t\t\t\t<span class=\"wd-action-text\">\u0130stek listesine ekle<\/span>\n\t\t\t\t<\/a>\n\t\t\t<\/div>\n\t\t\t\t<\/div>\n\n\t\t\t\t\t<div class=\"wd-add-btn wd-add-btn-replace\">\n\t\t\t\t\n\t\t\t\t<a href=\"\/index.php\/wp-json\/wp\/v2\/pages\/12349?add-to-cart=12226\" aria-describedby=\"woocommerce_loop_add_to_cart_link_describedby_12226\" data-quantity=\"1\" class=\"button product_type_simple add_to_cart_button ajax_add_to_cart add-to-cart-loop\" data-product_id=\"12226\" data-product_sku=\"\" aria-label=\"Sepete ekle: \u201cFr4 0.5mm 17x20cm 230-314 ah h\u00fccreler i\u00e7in izalasyon 4 adet adet\u201d\" rel=\"nofollow\" data-success_message=\"&quot;Fr4 0.5mm 17x20cm 230-314 ah h\u00fccreler i\u00e7in izalasyon 4 adet adet&quot; sepetinize eklendi\" role=\"button\"><span>Sepete Ekle<\/span><\/a>\t<span id=\"woocommerce_loop_add_to_cart_link_describedby_12226\" class=\"screen-reader-text\">\n\t\t\t<\/span>\n\t\t\t\t\t\t<div class=\"wd-product-grid-slider-pagin\">\n\t\t\t\t\t\t\t<div data-image-id=\"0\" class=\"wd-product-grid-slider-dot\"><\/div>\n\t\t\t\t\t\t\t<div data-image-id=\"1\" class=\"wd-product-grid-slider-dot\"><\/div>\n\t\t\t\t\t<\/div>\n\t\t\t\t\t<\/div>\n\t\t\t<\/div>\n\t\t<div class=\"product-element-bottom\">\n\t\t\t<h3 class=\"wd-entities-title\"><a href=\"https:\/\/3eteknoloji.com\/index.php\/urun\/fr4-0-5mm-17x20cm-230-314-ah-hucreler-icin-izalasyon-4-adet-adet\/\">Fr4 0.5mm 17x20cm 230-314 ah h\u00fccreler i\u00e7in izalasyon 4 adet adet<\/a><\/h3>\n\t\t\t<div class=\"wd-product-cats\">\n\t\t\t<a href=\"https:\/\/3eteknoloji.com\/index.php\/urun-kategori\/lifepo4\/\" rel=\"tag\">LIFePO4<\/a>, <a href=\"https:\/\/3eteknoloji.com\/index.php\/urun-kategori\/lifepo4\/lifepo4-hucre\/\" rel=\"tag\">LIFePO4 H\u00fccre<\/a>, <a href=\"https:\/\/3eteknoloji.com\/index.php\/urun-kategori\/firsat-urunleri\/\" rel=\"tag\">F\u0131rsat \u00dcr\u00fcnleri<\/a>\t\t<\/div>\n\t\t\t\t\n\t<span class=\"price\"><span class=\"woocs_price_code\" data-currency=\"\" data-redraw-id=\"69f5d3a791bbf\"  data-product-id=\"12226\"><span class=\"woocommerce-Price-amount amount\"><bdi><span class=\"woocommerce-Price-currencySymbol\">&#8378;<\/span>360.87<\/bdi><\/span><\/span><div class=\"woocs_price_info\"><span class=\"woocs_price_info_icon\"><\/span><ul class='woocs_price_info_list'><li><span>USD<\/span>: <span class=\"woocs_amount\">8.00&#36;<\/span><\/li><\/ul><\/div><\/span>\n\n\t\n\t\n\t\t\t<\/div>\n\t<\/div>\n<\/div>\n\t\t\n\t\t\t\t<\/div>\n\t\n\t\t\n\t\t\n\t\t\t\t\t<\/div>\n\t\t\n\t\t\t\t\t\t<\/div>\n\t\t\t\t<\/div>\n\t\t\t\t\t<\/div>\n\t\t\t\t<\/div>\n\t\t\t\t<\/div>\n\t\t","protected":false},"excerpt":{"rendered":"","protected":false},"author":1,"featured_media":0,"parent":0,"menu_order":0,"comment_status":"closed","ping_status":"closed","template":"","meta":{"footnotes":""},"class_list":["post-12349","page","type-page","status-publish","hentry"],"_links":{"self":[{"href":"https:\/\/3eteknoloji.com\/index.php\/wp-json\/wp\/v2\/pages\/12349","targetHints":{"allow":["GET"]}}],"collection":[{"href":"https:\/\/3eteknoloji.com\/index.php\/wp-json\/wp\/v2\/pages"}],"about":[{"href":"https:\/\/3eteknoloji.com\/index.php\/wp-json\/wp\/v2\/types\/page"}],"author":[{"embeddable":true,"href":"https:\/\/3eteknoloji.com\/index.php\/wp-json\/wp\/v2\/users\/1"}],"replies":[{"embeddable":true,"href":"https:\/\/3eteknoloji.com\/index.php\/wp-json\/wp\/v2\/comments?post=12349"}],"version-history":[{"count":4,"href":"https:\/\/3eteknoloji.com\/index.php\/wp-json\/wp\/v2\/pages\/12349\/revisions"}],"predecessor-version":[{"id":12353,"href":"https:\/\/3eteknoloji.com\/index.php\/wp-json\/wp\/v2\/pages\/12349\/revisions\/12353"}],"wp:attachment":[{"href":"https:\/\/3eteknoloji.com\/index.php\/wp-json\/wp\/v2\/media?parent=12349"}],"curies":[{"name":"wp","href":"https:\/\/api.w.org\/{rel}","templated":true}]}}