{"id":11218,"date":"2025-10-30T17:55:45","date_gmt":"2025-10-30T17:55:45","guid":{"rendered":"http:\/\/webmc.online\/?post_type=product&#038;p=11218"},"modified":"2026-01-12T15:52:20","modified_gmt":"2026-01-12T15:52:20","slug":"100-balance-daly-4s-8-200a","status":"publish","type":"product","link":"https:\/\/3eteknoloji.com\/index.php\/urun\/100-balance-daly-4s-8-200a\/","title":{"rendered":"100 Balance DALY 4S-8 200A"},"content":{"rendered":"<div id=\"tab-description\" class=\"entry-content woocommerce-Tabs-panel woocommerce-Tabs-panel--description wd-active panel wc-tab\" role=\"tabpanel\" aria-labelledby=\"tab-title-description\" data-accordion-index=\"description\">\n<div class=\"wc-tab-inner wd-entry-content\">\n<p>\u201cLiFePO4 pil teknolojisinin g\u00fcc\u00fcn\u00fc en \u00fcst d\u00fczeye \u00e7\u0131karmak i\u00e7in \u00f6zel olarak tasarlanan BMS (Battery Management System) \u00fcr\u00fcn\u00fcm\u00fcz ile tan\u0131\u015f\u0131n. Pilinizi g\u00fcvenli bir \u015fekilde y\u00f6neten bu ak\u0131ll\u0131 sistem, uzun \u00f6m\u00fcr, y\u00fcksek performans ve g\u00fcvenilirlik sunar. Hemen inceleyin ve enerji depolama \u00e7\u00f6z\u00fcmlerinizdeki potansiyeli ke\u015ffedin!\u201d<\/p>\n<div class=\"cz_post_content\">\n<div class=\"term-description\">\n<p>\u201cLiFePO4 pil teknolojisinin g\u00fcc\u00fcn\u00fc en \u00fcst d\u00fczeye \u00e7\u0131karmak i\u00e7in \u00f6zel olarak tasarlanan BMS (Battery Management System) \u00fcr\u00fcn\u00fcm\u00fcz ile tan\u0131\u015f\u0131n. Pilinizi g\u00fcvenli bir \u015fekilde y\u00f6neten bu ak\u0131ll\u0131 sistem, uzun \u00f6m\u00fcr, y\u00fcksek performans ve g\u00fcvenilirlik sunar. Hemen inceleyin ve enerji depolama \u00e7\u00f6z\u00fcmlerinizdeki potansiyeli ke\u015ffedin!\u201d<\/p>\n<div>DALY 8-24SS 100A De\u015farj \/ 100A \u015earj\u00a0 \u00a0Lityum Demir Fosfat (LiFePO4)\u00a0 (3,2V Nominal piller i\u00e7in)<\/div>\n<div>Balansl\u0131, Su \/ Toz Ge\u00e7irmez \u00dcst\u00fcn Kalite BMS<\/div>\n<\/div>\n<\/div>\n<\/div>\n<\/div>\n","protected":false},"excerpt":{"rendered":"<p>\u201cLiFePO4 pil teknolojisinin g\u00fcc\u00fcn\u00fc en \u00fcst d\u00fczeye \u00e7\u0131karmak i\u00e7in \u00f6zel olarak tasarlanan BMS (Battery Management System) \u00fcr\u00fcn\u00fcm\u00fcz ile tan\u0131\u015f\u0131n. Pilinizi<\/p>\n","protected":false},"featured_media":11622,"comment_status":"open","ping_status":"closed","template":"","meta":[],"product_brand":[],"product_cat":[92],"product_tag":[146],"class_list":{"0":"post-11218","1":"product","2":"type-product","3":"status-publish","4":"has-post-thumbnail","6":"product_cat-bms-battery-management-system","7":"product_tag-100-balance-daly-4s-8-200a","9":"first","10":"instock","11":"shipping-taxable","12":"purchasable","13":"product-type-simple"},"_links":{"self":[{"href":"https:\/\/3eteknoloji.com\/index.php\/wp-json\/wp\/v2\/product\/11218","targetHints":{"allow":["GET"]}}],"collection":[{"href":"https:\/\/3eteknoloji.com\/index.php\/wp-json\/wp\/v2\/product"}],"about":[{"href":"https:\/\/3eteknoloji.com\/index.php\/wp-json\/wp\/v2\/types\/product"}],"replies":[{"embeddable":true,"href":"https:\/\/3eteknoloji.com\/index.php\/wp-json\/wp\/v2\/comments?post=11218"}],"version-history":[{"count":1,"href":"https:\/\/3eteknoloji.com\/index.php\/wp-json\/wp\/v2\/product\/11218\/revisions"}],"predecessor-version":[{"id":11219,"href":"https:\/\/3eteknoloji.com\/index.php\/wp-json\/wp\/v2\/product\/11218\/revisions\/11219"}],"wp:featuredmedia":[{"embeddable":true,"href":"https:\/\/3eteknoloji.com\/index.php\/wp-json\/wp\/v2\/media\/11622"}],"wp:attachment":[{"href":"https:\/\/3eteknoloji.com\/index.php\/wp-json\/wp\/v2\/media?parent=11218"}],"wp:term":[{"taxonomy":"product_brand","embeddable":true,"href":"https:\/\/3eteknoloji.com\/index.php\/wp-json\/wp\/v2\/product_brand?post=11218"},{"taxonomy":"product_cat","embeddable":true,"href":"https:\/\/3eteknoloji.com\/index.php\/wp-json\/wp\/v2\/product_cat?post=11218"},{"taxonomy":"product_tag","embeddable":true,"href":"https:\/\/3eteknoloji.com\/index.php\/wp-json\/wp\/v2\/product_tag?post=11218"}],"curies":[{"name":"wp","href":"https:\/\/api.w.org\/{rel}","templated":true}]}}