{"id":11233,"date":"2025-10-30T18:06:37","date_gmt":"2025-10-30T18:06:37","guid":{"rendered":"http:\/\/webmc.online\/?post_type=product&#038;p=11233"},"modified":"2026-01-12T15:30:45","modified_gmt":"2026-01-12T15:30:45","slug":"100-balance-wifi-modul","status":"publish","type":"product","link":"https:\/\/3eteknoloji.com\/index.php\/urun\/100-balance-wifi-modul\/","title":{"rendered":"100 Balance Wifi Mod\u00fcl"},"content":{"rendered":"<div id=\"tab-description\" class=\"entry-content woocommerce-Tabs-panel woocommerce-Tabs-panel--description wd-active panel wc-tab\" role=\"tabpanel\" aria-labelledby=\"tab-title-description\" data-accordion-index=\"description\">\n<div class=\"wc-tab-inner wd-entry-content\">\n<ul class=\"a-unordered-list a-vertical a-spacing-mini\">\n<li class=\"a-spacing-mini\"><span class=\"a-list-item\">Bunlar ayr\u0131 par\u00e7alard\u0131r, 100balance ak\u0131ll\u0131 BMS ile birlikte kullan\u0131n.<\/span><\/li>\n<li class=\"a-spacing-mini\"><span class=\"a-list-item\">1.25Pinch Ak\u0131ll\u0131 BMS\u2019deki CAN portu i\u00e7in 4pin.<\/span><\/li>\n<li class=\"a-spacing-mini\"><span class=\"a-list-item\">Bu RJ45 Di\u015fi kablo yaln\u0131zca 100BALANCE BMS i\u00e7in kullan\u0131l\u0131r. Ba\u015fka bir BMS markas\u0131yla \u00e7al\u0131\u015f\u0131p \u00e7al\u0131\u015fmad\u0131\u011f\u0131ndan emin de\u011filiz. L\u00fctfen sipari\u015f vermeden \u00f6nce kontrol edin.<\/span><\/li>\n<li class=\"a-spacing-mini\"><span class=\"a-list-item\">1 y\u0131l \u00fcr\u00fcn garantisi ve 7\/24 online profesyonel servis hizmetimiz mevcuttur, sorular\u0131n\u0131z i\u00e7in l\u00fctfen bizimle ileti\u015fime ge\u00e7mekten \u00e7ekinmeyin.<\/span><\/li>\n<\/ul>\n<\/div>\n<\/div>\n","protected":false},"excerpt":{"rendered":"<p>Bunlar ayr\u0131 par\u00e7alard\u0131r, 100balance ak\u0131ll\u0131 BMS ile birlikte kullan\u0131n. 1.25Pinch Ak\u0131ll\u0131 BMS\u2019deki CAN portu i\u00e7in 4pin. Bu RJ45 Di\u015fi kablo<\/p>\n","protected":false},"featured_media":11630,"comment_status":"open","ping_status":"closed","template":"","meta":[],"product_brand":[],"product_cat":[92],"product_tag":[151],"class_list":{"0":"post-11233","1":"product","2":"type-product","3":"status-publish","4":"has-post-thumbnail","6":"product_cat-bms-battery-management-system","7":"product_tag-100-balance-wifi-modul","9":"first","10":"instock","11":"shipping-taxable","12":"purchasable","13":"product-type-simple"},"_links":{"self":[{"href":"https:\/\/3eteknoloji.com\/index.php\/wp-json\/wp\/v2\/product\/11233","targetHints":{"allow":["GET"]}}],"collection":[{"href":"https:\/\/3eteknoloji.com\/index.php\/wp-json\/wp\/v2\/product"}],"about":[{"href":"https:\/\/3eteknoloji.com\/index.php\/wp-json\/wp\/v2\/types\/product"}],"replies":[{"embeddable":true,"href":"https:\/\/3eteknoloji.com\/index.php\/wp-json\/wp\/v2\/comments?post=11233"}],"version-history":[{"count":1,"href":"https:\/\/3eteknoloji.com\/index.php\/wp-json\/wp\/v2\/product\/11233\/revisions"}],"predecessor-version":[{"id":11235,"href":"https:\/\/3eteknoloji.com\/index.php\/wp-json\/wp\/v2\/product\/11233\/revisions\/11235"}],"wp:featuredmedia":[{"embeddable":true,"href":"https:\/\/3eteknoloji.com\/index.php\/wp-json\/wp\/v2\/media\/11630"}],"wp:attachment":[{"href":"https:\/\/3eteknoloji.com\/index.php\/wp-json\/wp\/v2\/media?parent=11233"}],"wp:term":[{"taxonomy":"product_brand","embeddable":true,"href":"https:\/\/3eteknoloji.com\/index.php\/wp-json\/wp\/v2\/product_brand?post=11233"},{"taxonomy":"product_cat","embeddable":true,"href":"https:\/\/3eteknoloji.com\/index.php\/wp-json\/wp\/v2\/product_cat?post=11233"},{"taxonomy":"product_tag","embeddable":true,"href":"https:\/\/3eteknoloji.com\/index.php\/wp-json\/wp\/v2\/product_tag?post=11233"}],"curies":[{"name":"wp","href":"https:\/\/api.w.org\/{rel}","templated":true}]}}