{"id":11246,"date":"2025-10-30T18:15:19","date_gmt":"2025-10-30T18:15:19","guid":{"rendered":"http:\/\/webmc.online\/?post_type=product&#038;p=11246"},"modified":"2026-01-12T15:29:53","modified_gmt":"2026-01-12T15:29:53","slug":"active-100-balance-bms-key-switch","status":"publish","type":"product","link":"https:\/\/3eteknoloji.com\/index.php\/urun\/active-100-balance-bms-key-switch\/","title":{"rendered":"Active 100 Balance Bms Key Switch"},"content":{"rendered":"<ul class=\"a-unordered-list a-vertical a-spacing-mini\">\n<li class=\"a-spacing-mini\"><span class=\"a-list-item\">Bunlar ayr\u0131 par\u00e7alard\u0131r, 100balance ak\u0131ll\u0131 BMS ile birlikte kullan\u0131n.<\/span><\/li>\n<li class=\"a-spacing-mini\"><span class=\"a-list-item\">PC ana bilgisayar\u0131ndaki fonksiyonun a\u00e7\u0131lmas\u0131 gerekiyor, l\u00fctfen PC yaz\u0131l\u0131m\u0131n\u0131 resmi web sitesinden indirin ve BMS\u2019yi UART kablosu veya RS485 kablosuyla ba\u011flay\u0131n.<\/span><\/li>\n<li class=\"a-spacing-mini\"><span class=\"a-list-item\">Bu anahtar, PC ana bilgisayar\u0131nda fonksiyonu a\u00e7mazsan\u0131z sadece BMS\u2019yi aktifle\u015ftirebilir.<\/span><\/li>\n<\/ul>\n<p><img loading=\"lazy\" decoding=\"async\" class=\"alignnone wp-image-11247 size-full\" src=\"http:\/\/webmc.online\/wp-content\/uploads\/2025\/10\/7_70a2e52a-50e8-48fb-81f1-f4fe21fb26f5.webp\" alt=\"\" width=\"800\" height=\"600\" srcset=\"https:\/\/3eteknoloji.com\/wp-content\/uploads\/2025\/10\/7_70a2e52a-50e8-48fb-81f1-f4fe21fb26f5.webp 800w, https:\/\/3eteknoloji.com\/wp-content\/uploads\/2025\/10\/7_70a2e52a-50e8-48fb-81f1-f4fe21fb26f5-300x225.webp 300w, https:\/\/3eteknoloji.com\/wp-content\/uploads\/2025\/10\/7_70a2e52a-50e8-48fb-81f1-f4fe21fb26f5-768x576.webp 768w, https:\/\/3eteknoloji.com\/wp-content\/uploads\/2025\/10\/7_70a2e52a-50e8-48fb-81f1-f4fe21fb26f5-150x113.webp 150w\" sizes=\"auto, (max-width: 800px) 100vw, 800px\" \/><\/p>\n","protected":false},"excerpt":{"rendered":"<p>Bunlar ayr\u0131 par\u00e7alard\u0131r, 100balance ak\u0131ll\u0131 BMS ile birlikte kullan\u0131n. PC ana bilgisayar\u0131ndaki fonksiyonun a\u00e7\u0131lmas\u0131 gerekiyor, l\u00fctfen PC yaz\u0131l\u0131m\u0131n\u0131 resmi web<\/p>\n","protected":false},"featured_media":11676,"comment_status":"open","ping_status":"closed","template":"","meta":[],"product_brand":[],"product_cat":[92],"product_tag":[154],"class_list":{"0":"post-11246","1":"product","2":"type-product","3":"status-publish","4":"has-post-thumbnail","6":"product_cat-bms-battery-management-system","7":"product_tag-active-100-balance-bms-key-switch","9":"first","10":"instock","11":"shipping-taxable","12":"purchasable","13":"product-type-simple"},"_links":{"self":[{"href":"https:\/\/3eteknoloji.com\/index.php\/wp-json\/wp\/v2\/product\/11246","targetHints":{"allow":["GET"]}}],"collection":[{"href":"https:\/\/3eteknoloji.com\/index.php\/wp-json\/wp\/v2\/product"}],"about":[{"href":"https:\/\/3eteknoloji.com\/index.php\/wp-json\/wp\/v2\/types\/product"}],"replies":[{"embeddable":true,"href":"https:\/\/3eteknoloji.com\/index.php\/wp-json\/wp\/v2\/comments?post=11246"}],"version-history":[{"count":2,"href":"https:\/\/3eteknoloji.com\/index.php\/wp-json\/wp\/v2\/product\/11246\/revisions"}],"predecessor-version":[{"id":11674,"href":"https:\/\/3eteknoloji.com\/index.php\/wp-json\/wp\/v2\/product\/11246\/revisions\/11674"}],"wp:featuredmedia":[{"embeddable":true,"href":"https:\/\/3eteknoloji.com\/index.php\/wp-json\/wp\/v2\/media\/11676"}],"wp:attachment":[{"href":"https:\/\/3eteknoloji.com\/index.php\/wp-json\/wp\/v2\/media?parent=11246"}],"wp:term":[{"taxonomy":"product_brand","embeddable":true,"href":"https:\/\/3eteknoloji.com\/index.php\/wp-json\/wp\/v2\/product_brand?post=11246"},{"taxonomy":"product_cat","embeddable":true,"href":"https:\/\/3eteknoloji.com\/index.php\/wp-json\/wp\/v2\/product_cat?post=11246"},{"taxonomy":"product_tag","embeddable":true,"href":"https:\/\/3eteknoloji.com\/index.php\/wp-json\/wp\/v2\/product_tag?post=11246"}],"curies":[{"name":"wp","href":"https:\/\/api.w.org\/{rel}","templated":true}]}}