{"id":11272,"date":"2025-10-30T18:29:30","date_gmt":"2025-10-30T18:29:30","guid":{"rendered":"http:\/\/webmc.online\/?post_type=product&#038;p=11272"},"modified":"2026-01-12T15:22:19","modified_gmt":"2026-01-12T15:22:19","slug":"key-switch-jk-bms","status":"publish","type":"product","link":"https:\/\/3eteknoloji.com\/index.php\/urun\/key-switch-jk-bms\/","title":{"rendered":"Key Switch JK BMS"},"content":{"rendered":"<ul class=\"a-unordered-list a-vertical a-spacing-mini\">\n<li class=\"a-spacing-mini\"><span class=\"a-list-item\">Bunlar ayr\u0131 par\u00e7alard\u0131r, 100balance ak\u0131ll\u0131 JK BMS ile birlikte kullan\u0131n.<\/span><\/li>\n<li class=\"a-spacing-mini\"><span class=\"a-list-item\">PC ana bilgisayar\u0131ndaki fonksiyonun a\u00e7\u0131lmas\u0131 gerekiyor, l\u00fctfen PC yaz\u0131l\u0131m\u0131n\u0131 resmi web sitesinden indirin ve BMS\u2019yi UART kablosu veya RS485 kablosuyla ba\u011flay\u0131n.<\/span><\/li>\n<li class=\"a-spacing-mini\"><span class=\"a-list-item\">Bu anahtar, PC ana bilgisayar\u0131nda fonksiyonu a\u00e7mazsan\u0131z sadece BMS\u2019yi aktifle\u015ftirebilir.<\/span><\/li>\n<\/ul>\n<p><img loading=\"lazy\" decoding=\"async\" class=\"alignnone wp-image-11273 size-large\" src=\"http:\/\/webmc.online\/wp-content\/uploads\/2025\/10\/AnyConv.com__Key-Switch-JK-BMSs-1024x1024.webp\" alt=\"\" width=\"1024\" height=\"1024\" srcset=\"https:\/\/3eteknoloji.com\/wp-content\/uploads\/2025\/10\/AnyConv.com__Key-Switch-JK-BMSs-1024x1024.webp 1024w, https:\/\/3eteknoloji.com\/wp-content\/uploads\/2025\/10\/AnyConv.com__Key-Switch-JK-BMSs-300x300.webp 300w, https:\/\/3eteknoloji.com\/wp-content\/uploads\/2025\/10\/AnyConv.com__Key-Switch-JK-BMSs-150x150.webp 150w, https:\/\/3eteknoloji.com\/wp-content\/uploads\/2025\/10\/AnyConv.com__Key-Switch-JK-BMSs-768x768.webp 768w, https:\/\/3eteknoloji.com\/wp-content\/uploads\/2025\/10\/AnyConv.com__Key-Switch-JK-BMSs-600x600.webp 600w, https:\/\/3eteknoloji.com\/wp-content\/uploads\/2025\/10\/AnyConv.com__Key-Switch-JK-BMSs.webp 1080w\" sizes=\"auto, (max-width: 1024px) 100vw, 1024px\" \/><\/p>\n","protected":false},"excerpt":{"rendered":"<p>Bunlar ayr\u0131 par\u00e7alard\u0131r, 100balance ak\u0131ll\u0131 JK BMS ile birlikte kullan\u0131n. PC ana bilgisayar\u0131ndaki fonksiyonun a\u00e7\u0131lmas\u0131 gerekiyor, l\u00fctfen PC yaz\u0131l\u0131m\u0131n\u0131 resmi<\/p>\n","protected":false},"featured_media":11664,"comment_status":"open","ping_status":"closed","template":"","meta":[],"product_brand":[],"product_cat":[92],"product_tag":[162],"class_list":{"0":"post-11272","1":"product","2":"type-product","3":"status-publish","4":"has-post-thumbnail","6":"product_cat-bms-battery-management-system","7":"product_tag-key-switch-jk-bms","9":"first","10":"instock","11":"shipping-taxable","12":"purchasable","13":"product-type-simple"},"_links":{"self":[{"href":"https:\/\/3eteknoloji.com\/index.php\/wp-json\/wp\/v2\/product\/11272","targetHints":{"allow":["GET"]}}],"collection":[{"href":"https:\/\/3eteknoloji.com\/index.php\/wp-json\/wp\/v2\/product"}],"about":[{"href":"https:\/\/3eteknoloji.com\/index.php\/wp-json\/wp\/v2\/types\/product"}],"replies":[{"embeddable":true,"href":"https:\/\/3eteknoloji.com\/index.php\/wp-json\/wp\/v2\/comments?post=11272"}],"version-history":[{"count":2,"href":"https:\/\/3eteknoloji.com\/index.php\/wp-json\/wp\/v2\/product\/11272\/revisions"}],"predecessor-version":[{"id":11665,"href":"https:\/\/3eteknoloji.com\/index.php\/wp-json\/wp\/v2\/product\/11272\/revisions\/11665"}],"wp:featuredmedia":[{"embeddable":true,"href":"https:\/\/3eteknoloji.com\/index.php\/wp-json\/wp\/v2\/media\/11664"}],"wp:attachment":[{"href":"https:\/\/3eteknoloji.com\/index.php\/wp-json\/wp\/v2\/media?parent=11272"}],"wp:term":[{"taxonomy":"product_brand","embeddable":true,"href":"https:\/\/3eteknoloji.com\/index.php\/wp-json\/wp\/v2\/product_brand?post=11272"},{"taxonomy":"product_cat","embeddable":true,"href":"https:\/\/3eteknoloji.com\/index.php\/wp-json\/wp\/v2\/product_cat?post=11272"},{"taxonomy":"product_tag","embeddable":true,"href":"https:\/\/3eteknoloji.com\/index.php\/wp-json\/wp\/v2\/product_tag?post=11272"}],"curies":[{"name":"wp","href":"https:\/\/api.w.org\/{rel}","templated":true}]}}