{"id":11300,"date":"2025-10-30T18:52:46","date_gmt":"2025-10-30T18:52:46","guid":{"rendered":"http:\/\/webmc.online\/?post_type=product&#038;p=11300"},"modified":"2025-10-30T18:53:09","modified_gmt":"2025-10-30T18:53:09","slug":"80v-460-ah-forklift-transpalet-istif-makinalari-akusu-2","status":"publish","type":"product","link":"https:\/\/3eteknoloji.com\/index.php\/urun\/80v-460-ah-forklift-transpalet-istif-makinalari-akusu-2\/","title":{"rendered":"80V 460 Ah Forklift \u2013 Transpalet \u2013 \u0130stif Makinalar\u0131 Ak\u00fcs\u00fc"},"content":{"rendered":"","protected":false},"excerpt":{"rendered":"","protected":false},"featured_media":11301,"comment_status":"open","ping_status":"closed","template":"","meta":[],"product_brand":[],"product_cat":[93],"product_tag":[166],"class_list":{"0":"post-11300","1":"product","2":"type-product","3":"status-publish","4":"has-post-thumbnail","6":"product_cat-forklift-transpalet-istif-makinalari-akusu","7":"product_tag-80v-314-ah-forklift-transpalet-istif-makinalari-akusu","9":"first","10":"instock","11":"shipping-taxable","12":"product-type-simple"},"_links":{"self":[{"href":"https:\/\/3eteknoloji.com\/index.php\/wp-json\/wp\/v2\/product\/11300","targetHints":{"allow":["GET"]}}],"collection":[{"href":"https:\/\/3eteknoloji.com\/index.php\/wp-json\/wp\/v2\/product"}],"about":[{"href":"https:\/\/3eteknoloji.com\/index.php\/wp-json\/wp\/v2\/types\/product"}],"replies":[{"embeddable":true,"href":"https:\/\/3eteknoloji.com\/index.php\/wp-json\/wp\/v2\/comments?post=11300"}],"version-history":[{"count":3,"href":"https:\/\/3eteknoloji.com\/index.php\/wp-json\/wp\/v2\/product\/11300\/revisions"}],"predecessor-version":[{"id":11304,"href":"https:\/\/3eteknoloji.com\/index.php\/wp-json\/wp\/v2\/product\/11300\/revisions\/11304"}],"wp:featuredmedia":[{"embeddable":true,"href":"https:\/\/3eteknoloji.com\/index.php\/wp-json\/wp\/v2\/media\/11301"}],"wp:attachment":[{"href":"https:\/\/3eteknoloji.com\/index.php\/wp-json\/wp\/v2\/media?parent=11300"}],"wp:term":[{"taxonomy":"product_brand","embeddable":true,"href":"https:\/\/3eteknoloji.com\/index.php\/wp-json\/wp\/v2\/product_brand?post=11300"},{"taxonomy":"product_cat","embeddable":true,"href":"https:\/\/3eteknoloji.com\/index.php\/wp-json\/wp\/v2\/product_cat?post=11300"},{"taxonomy":"product_tag","embeddable":true,"href":"https:\/\/3eteknoloji.com\/index.php\/wp-json\/wp\/v2\/product_tag?post=11300"}],"curies":[{"name":"wp","href":"https:\/\/api.w.org\/{rel}","templated":true}]}}