{"id":11519,"date":"2025-10-31T18:13:53","date_gmt":"2025-10-31T18:13:53","guid":{"rendered":"http:\/\/webmc.online\/?post_type=product&#038;p=11519"},"modified":"2026-02-19T06:29:41","modified_gmt":"2026-02-19T06:29:41","slug":"unisun-energy-25-6-v-100ah-lifepo4-lityum-aku","status":"publish","type":"product","link":"https:\/\/3eteknoloji.com\/index.php\/urun\/unisun-energy-25-6-v-100ah-lifepo4-lityum-aku\/","title":{"rendered":"Unisun Energy 12.8 V 200Ah LIFEPO4 Lityum Ak\u00fc"},"content":{"rendered":"<h3>Unisun 25.6V 100AH Lifepo4 Batarya Bluetooth ( 24V Sistem ) UniSun Enerji<\/h3>\n<p>Tipik Kapasite: 100Ah<\/p>\n<p>Nominal Gerilim: 25.6V<\/p>\n<p>\u015earj Gerilimi: 29.2V<\/p>\n<p>Y\u00fczer Voltaj: 27.2V<\/p>\n<p>BlueTooth: Var<\/p>\n<p>Ekran: Var<\/p>\n<p>A\u011f\u0131rl\u0131k(KG): 23.5KG<\/p>\n<p>&nbsp;<\/p>\n<p>LiFePO4 piller, lityum demir fosfat piller olarak da bilinirler. Bu piller, di\u011fer lityum iyon pillere g\u00f6re daha g\u00fcvenli, daha uzun \u00f6m\u00fcrl\u00fc ve daha az \u00e7evresel etkiye sahiptir. LiFePO4 piller, lityum iyon pillerin di\u011fer t\u00fcrlerine g\u00f6re daha az enerji yo\u011funlu\u011funa sahiptir, ancak y\u00fcksek g\u00fcvenlik ve dayan\u0131kl\u0131l\u0131k \u00f6zellikleri nedeniyle \u00f6zellikle end\u00fcstriyel uygulamalar ve elektrikli ara\u00e7lar i\u00e7in idealdir. LiFePO4 pillerin avantajlar\u0131 aras\u0131nda daha uzun \u00f6m\u00fcr, y\u00fcksek \u015farj\/de\u015farj kapasitesi, d\u00fc\u015f\u00fck i\u00e7 diren\u00e7, d\u00fc\u015f\u00fck kendili\u011finden de\u015farj oran\u0131, d\u00fc\u015f\u00fck \u0131s\u0131nma ve daha az patlama riski bulunur. Bu nedenlerle, g\u00fcne\u015f panelleri, r\u00fczgar t\u00fcrbinleri, elektrikli ara\u00e7lar, elektrikli tekneler, enerji depolama sistemleri ve acil durum g\u00fc\u00e7 kaynaklar\u0131 gibi bir\u00e7ok uygulama i\u00e7in yayg\u0131n olarak kullan\u0131lmaktad\u0131rlar.<\/p>\n<p>&nbsp;<\/p>\n<p>Uygulama Alanlar\u0131;<\/p>\n<div class=\"w-full border-b border-black\/10 dark:border-gray-900\/50 text-gray-800 dark:text-gray-100 group bg-gray-50 dark:bg-[#444654]\">\n<div class=\"text-base gap-4 md:gap-6 m-auto md:max-w-2xl lg:max-w-2xl xl:max-w-3xl p-4 md:py-6 flex lg:px-0\">\n<div class=\"relative flex w-[calc(100%-50px)] flex-col gap-1 md:gap-3 lg:w-[calc(100%-115px)]\">\n<div class=\"flex flex-grow flex-col gap-3\">\n<div class=\"min-h-[20px] flex flex-col items-start gap-4 whitespace-pre-wrap\">\n<div class=\"markdown prose w-full break-words dark:prose-invert light\">\n<ul>\n<li>Elektrikli \u00e7im bi\u00e7me makineleri, elektrikli aletler, elektrikli bisikletler, elektrikli motosikletler, elektrikli scooter\u2019lar, elektrikli tekne motorlar\u0131 ve elektrikli u\u00e7aklar gibi ta\u015f\u0131nabilir elektrikli cihazlar<\/li>\n<li>Askeri uygulamalar, \u00f6zellikle askeri cihazlar, cihazlar ve di\u011fer ekipmanlar i\u00e7in acil durum g\u00fc\u00e7 kaynaklar\u0131<\/li>\n<li>Telekom\u00fcnikasyon sekt\u00f6r\u00fcnde, \u00f6zellikle baz istasyonlar\u0131 ve di\u011fer cihazlar i\u00e7in g\u00fc\u00e7 kayna\u011f\u0131 olarak<\/li>\n<li>T\u0131bbi cihazlar, \u00f6zellikle ta\u015f\u0131nabilir t\u0131bbi cihazlar i\u00e7in g\u00fc\u00e7 kayna\u011f\u0131 olarak<\/li>\n<li>\u00d6zel ara\u00e7lar, \u00f6zellikle golf arabalar\u0131, engelli ara\u00e7lar\u0131, temizlik arabalar\u0131 ve forkliftler gibi end\u00fcstriyel ara\u00e7lar<\/li>\n<li>G\u00fcne\u015f enerjisi lambalar\u0131, sokak lambalar\u0131, park ayd\u0131nlatmalar\u0131 ve di\u011fer ayd\u0131nlatma sistemleri<\/li>\n<li>End\u00fcstriyel otomasyon, \u00f6zellikle otomatik k\u0131lavuz arabalar\u0131 ve robotik sistemlerde<\/li>\n<li>Radyo kontroll\u00fc u\u00e7aklar ve arabalar, dronlar ve insans\u0131z hava ara\u00e7lar\u0131 (\u0130HA)<\/li>\n<li>Yenilenebilir enerji depolama sistemleri, \u00f6zellikle r\u00fczgar t\u00fcrbinleri ve hidroelektrik santraller gibi di\u011fer yenilenebilir enerji kaynaklar\u0131 i\u00e7in<\/li>\n<\/ul>\n<p>LiFePO4 piller, geni\u015f bir uygulama yelpazesine sahiptir ve di\u011fer lityum iyon pillerine g\u00f6re daha g\u00fcvenli, dayan\u0131kl\u0131 ve uzun \u00f6m\u00fcrl\u00fcd\u00fcrler. Bu nedenle, bir\u00e7ok end\u00fcstriyel ve ticari uygulamada tercih edilirler.<\/p>\n<\/div>\n<\/div>\n<\/div>\n<\/div>\n<\/div>\n<\/div>\n","protected":false},"excerpt":{"rendered":"<p>Unisun 25.6V 100AH Lifepo4 Batarya Bluetooth ( 24V Sistem ) UniSun Enerji Tipik Kapasite: 100Ah Nominal Gerilim: 25.6V \u015earj Gerilimi:<\/p>\n","protected":false},"featured_media":11734,"comment_status":"open","ping_status":"closed","template":"","meta":[],"product_brand":[],"product_cat":[96,183],"product_tag":[216],"class_list":{"0":"post-11519","1":"product","2":"type-product","3":"status-publish","4":"has-post-thumbnail","6":"product_cat-lifepo4","7":"product_cat-lifepo4-lityum-aku","8":"product_tag-unisun-energy-25-6-v-100ah-lifepo4-lityum-aku","10":"first","11":"instock","12":"shipping-taxable","13":"purchasable","14":"product-type-simple"},"_links":{"self":[{"href":"https:\/\/3eteknoloji.com\/index.php\/wp-json\/wp\/v2\/product\/11519","targetHints":{"allow":["GET"]}}],"collection":[{"href":"https:\/\/3eteknoloji.com\/index.php\/wp-json\/wp\/v2\/product"}],"about":[{"href":"https:\/\/3eteknoloji.com\/index.php\/wp-json\/wp\/v2\/types\/product"}],"replies":[{"embeddable":true,"href":"https:\/\/3eteknoloji.com\/index.php\/wp-json\/wp\/v2\/comments?post=11519"}],"version-history":[{"count":2,"href":"https:\/\/3eteknoloji.com\/index.php\/wp-json\/wp\/v2\/product\/11519\/revisions"}],"predecessor-version":[{"id":12317,"href":"https:\/\/3eteknoloji.com\/index.php\/wp-json\/wp\/v2\/product\/11519\/revisions\/12317"}],"wp:featuredmedia":[{"embeddable":true,"href":"https:\/\/3eteknoloji.com\/index.php\/wp-json\/wp\/v2\/media\/11734"}],"wp:attachment":[{"href":"https:\/\/3eteknoloji.com\/index.php\/wp-json\/wp\/v2\/media?parent=11519"}],"wp:term":[{"taxonomy":"product_brand","embeddable":true,"href":"https:\/\/3eteknoloji.com\/index.php\/wp-json\/wp\/v2\/product_brand?post=11519"},{"taxonomy":"product_cat","embeddable":true,"href":"https:\/\/3eteknoloji.com\/index.php\/wp-json\/wp\/v2\/product_cat?post=11519"},{"taxonomy":"product_tag","embeddable":true,"href":"https:\/\/3eteknoloji.com\/index.php\/wp-json\/wp\/v2\/product_tag?post=11519"}],"curies":[{"name":"wp","href":"https:\/\/api.w.org\/{rel}","templated":true}]}}