{"id":11533,"date":"2025-10-31T18:28:16","date_gmt":"2025-10-31T18:28:16","guid":{"rendered":"http:\/\/webmc.online\/?post_type=product&#038;p=11533"},"modified":"2025-10-31T18:28:16","modified_gmt":"2025-10-31T18:28:16","slug":"yuksek-voltaj-batarya-serisi-hv","status":"publish","type":"product","link":"https:\/\/3eteknoloji.com\/index.php\/urun\/yuksek-voltaj-batarya-serisi-hv\/","title":{"rendered":"Y\u00fcksek Voltaj Batarya Serisi (HV)"},"content":{"rendered":"<p><img loading=\"lazy\" decoding=\"async\" class=\"alignnone wp-image-11534 size-full\" src=\"http:\/\/webmc.online\/wp-content\/uploads\/2025\/10\/WhatsApp-Image-2025-10-13-at-15.29.22.jpeg\" alt=\"\" width=\"790\" height=\"911\" srcset=\"https:\/\/3eteknoloji.com\/wp-content\/uploads\/2025\/10\/WhatsApp-Image-2025-10-13-at-15.29.22.jpeg 790w, https:\/\/3eteknoloji.com\/wp-content\/uploads\/2025\/10\/WhatsApp-Image-2025-10-13-at-15.29.22-260x300.jpeg 260w, https:\/\/3eteknoloji.com\/wp-content\/uploads\/2025\/10\/WhatsApp-Image-2025-10-13-at-15.29.22-768x886.jpeg 768w, https:\/\/3eteknoloji.com\/wp-content\/uploads\/2025\/10\/WhatsApp-Image-2025-10-13-at-15.29.22-150x173.jpeg 150w\" sizes=\"auto, (max-width: 790px) 100vw, 790px\" \/><\/p>\n<div class=\"wd-negative-gap elementor-element elementor-element-ab88f33 e-flex e-con-boxed e-con e-parent e-lazyloaded\" data-id=\"ab88f33\" data-element_type=\"container\">\n<div class=\"e-con-inner\">\n<div class=\"elementor-element elementor-element-e33870b wd-width-100 elementor-widget elementor-widget-wd_title\" data-id=\"e33870b\" data-element_type=\"widget\" data-widget_type=\"wd_title.default\">\n<div class=\"elementor-widget-container\">\n<div class=\"title-wrapper wd-set-mb reset-last-child wd-title-color-default wd-title-style-default wd-title-size-default text-left\">\n<div class=\"liner-continer\">\n<h4 class=\"woodmart-title-container title wd-fontsize-l\">Y\u00fcksek Voltaj Batarya Serisi (HV)<\/h4>\n<\/div>\n<div class=\"title-after_title reset-last-child wd-fontsize-xs\">\n<p>\u26a1 Y\u00fcksek Voltaj Serisi (HV)<br \/>\nTicari ve End\u00fcstriyel Sistemler i\u00e7in Geli\u015fmi\u015f LiFePO\u2084 Enerji Depolama \u00c7\u00f6z\u00fcmleri<\/p>\n<p>3E Enerji High Voltage (HV) LiFePO\u2084 Batarya Serisi, geli\u015fmi\u015f enerji depolama uygulamalar\u0131 i\u00e7in \u00fcst\u00fcn g\u00fcvenlik, verimlilik ve dayan\u0131kl\u0131l\u0131k sunar.<br \/>\nTicari, end\u00fcstriyel ve \u015febeke \u00f6l\u00e7ekli sistemler i\u00e7in tasarlanan bu \u00f6zelle\u015ftirilebilir batarya gruplar\u0131, 200V \u2013 1000V aral\u0131\u011f\u0131nda \u00e7al\u0131\u015f\u0131r ve 52A \u2013 102A \u2013 314A ak\u0131m se\u00e7enekleriyle y\u00fcksek g\u00fc\u00e7l\u00fc altyap\u0131lara tam uyum sa\u011flar.<\/p>\n<p>10,6 kW\u2019tan ba\u015flay\u0131p 257 kW\u2019a kadar \u00f6l\u00e7eklenebilen mod\u00fcler mimarisi sayesinde UniSun HV Serisi, hem orta \u00f6l\u00e7ekli ticari uygulamalarda hem de b\u00fcy\u00fck end\u00fcstriyel enerji sistemlerinde maksimum esneklik sunar.<\/p>\n<p><strong>\u00d6ne \u00c7\u0131kan \u00d6zellikler<\/strong><\/p>\n<p>\ud83d\udd0b Geli\u015fmi\u015f LiFePO\u2084 Kimyas\u0131:<br \/>\n6000\u201310000 \u00e7evrim \u00f6mr\u00fc ile \u00fcst\u00fcn termal denge, uzun s\u00fcreli g\u00fcvenilirlik ve patlama\/yang\u0131n riski ta\u015f\u0131mayan g\u00fcvenli yap\u0131.<\/p>\n<p>\u2699\ufe0f Y\u00fcksek Voltaj Mimarisi:<br \/>\nDaha uzun seri ba\u011flant\u0131 imk\u00e2n\u0131 sunar, sistem bile\u015fen maliyetlerini d\u00fc\u015f\u00fcr\u00fcr ve genel enerji verimlili\u011fini art\u0131r\u0131r.<\/p>\n<p>\ud83d\udca1 Ak\u0131ll\u0131 Haberle\u015fme ve Entegrasyon:<br \/>\nDEYE, Goodwe, Growatt, Sofar ve Victron inverterlerle tam haberle\u015fme uyumlulu\u011fu; veri senkronizasyonu, ak\u0131ll\u0131 kontrol ve enerji y\u00f6netiminde kusursuz entegrasyon.<\/p>\n<p>\ud83c\udf10 Geli\u015fmi\u015f BMS Kontrol\u00fc:<br \/>\nGer\u00e7ek zamanl\u0131 izleme, hata tespiti ve \u00e7ok katmanl\u0131 koruma \u00f6zelliklerine sahip ak\u0131ll\u0131 Batarya Y\u00f6netim Sistemi (BMS) ile g\u00fcvenli i\u015fletim.<\/p>\n<p>\ud83e\udde9 Mod\u00fcler ve \u00d6l\u00e7eklenebilir Tasar\u0131m:<br \/>\n10,6 kW\u2019tan 257 kW\u2019a kadar geni\u015fletilebilir yap\u0131 sayesinde farkl\u0131 proje gereksinimlerine tam uyum; k\u00fc\u00e7\u00fck ticari sistemlerden \u00e7ok MWh\u2019l\u0131k end\u00fcstriyel \u00e7\u00f6z\u00fcmlere kadar esnek konfig\u00fcrasyon imk\u00e2n\u0131.&#8221;QW<\/p>\n<\/div>\n<\/div>\n<\/div>\n<\/div>\n<\/div>\n<\/div>\n","protected":false},"excerpt":{"rendered":"<p>Y\u00fcksek Voltaj Batarya Serisi (HV) \u26a1 Y\u00fcksek Voltaj Serisi (HV) Ticari ve End\u00fcstriyel Sistemler i\u00e7in Geli\u015fmi\u015f LiFePO\u2084 Enerji Depolama \u00c7\u00f6z\u00fcmleri<\/p>\n","protected":false},"featured_media":11535,"comment_status":"open","ping_status":"closed","template":"","meta":[],"product_brand":[],"product_cat":[96,183],"product_tag":[220],"class_list":{"0":"post-11533","1":"product","2":"type-product","3":"status-publish","4":"has-post-thumbnail","6":"product_cat-lifepo4","7":"product_cat-lifepo4-lityum-aku","8":"product_tag-yuksek-voltaj-batarya-serisi-hv","10":"first","11":"instock","12":"shipping-taxable","13":"product-type-simple"},"_links":{"self":[{"href":"https:\/\/3eteknoloji.com\/index.php\/wp-json\/wp\/v2\/product\/11533","targetHints":{"allow":["GET"]}}],"collection":[{"href":"https:\/\/3eteknoloji.com\/index.php\/wp-json\/wp\/v2\/product"}],"about":[{"href":"https:\/\/3eteknoloji.com\/index.php\/wp-json\/wp\/v2\/types\/product"}],"replies":[{"embeddable":true,"href":"https:\/\/3eteknoloji.com\/index.php\/wp-json\/wp\/v2\/comments?post=11533"}],"version-history":[{"count":1,"href":"https:\/\/3eteknoloji.com\/index.php\/wp-json\/wp\/v2\/product\/11533\/revisions"}],"predecessor-version":[{"id":11536,"href":"https:\/\/3eteknoloji.com\/index.php\/wp-json\/wp\/v2\/product\/11533\/revisions\/11536"}],"wp:featuredmedia":[{"embeddable":true,"href":"https:\/\/3eteknoloji.com\/index.php\/wp-json\/wp\/v2\/media\/11535"}],"wp:attachment":[{"href":"https:\/\/3eteknoloji.com\/index.php\/wp-json\/wp\/v2\/media?parent=11533"}],"wp:term":[{"taxonomy":"product_brand","embeddable":true,"href":"https:\/\/3eteknoloji.com\/index.php\/wp-json\/wp\/v2\/product_brand?post=11533"},{"taxonomy":"product_cat","embeddable":true,"href":"https:\/\/3eteknoloji.com\/index.php\/wp-json\/wp\/v2\/product_cat?post=11533"},{"taxonomy":"product_tag","embeddable":true,"href":"https:\/\/3eteknoloji.com\/index.php\/wp-json\/wp\/v2\/product_tag?post=11533"}],"curies":[{"name":"wp","href":"https:\/\/api.w.org\/{rel}","templated":true}]}}