{"id":12284,"date":"2026-02-09T14:16:25","date_gmt":"2026-02-09T14:16:25","guid":{"rendered":"https:\/\/3eteknoloji.com\/?post_type=product&#038;p=12284"},"modified":"2026-02-17T08:21:12","modified_gmt":"2026-02-17T08:21:12","slug":"50w-katlanabilir-canta-tipi-solar-gunes-paneli","status":"publish","type":"product","link":"https:\/\/3eteknoloji.com\/index.php\/urun\/50w-katlanabilir-canta-tipi-solar-gunes-paneli\/","title":{"rendered":"50w Katlanabilir \u00c7anta Tipi Solar G\u00fcne\u015f Paneli"},"content":{"rendered":"<ul>\n<li>Bu yenilik\u00e7i ve \u00e7evre dostu \u00fcr\u00fcn, yaln\u0131zca iki saatte telefonunuzu \u015farj edebilir ve hatta laptop gibi daha b\u00fcy\u00fck cihazlar\u0131 da g\u00fc\u00e7lendirebilir.<\/li>\n<li>\u00d6ne \u00c7\u0131kan \u00d6zellikler:2 Y\u0131l Garanti: \u00dcr\u00fcn\u00fcm\u00fcz, kalite g\u00fcvencesiyle desteklenmektedir.<\/li>\n<li>H\u0131zl\u0131 \u015earj:Telefonunuzu ve laptopunuzu 2 saat i\u00e7inde \u015farj edin ve enerjiye an\u0131nda ula\u015f\u0131n.<\/li>\n<li>\u00c7oklu \u00c7\u0131k\u0131\u015f: 3 \u00e7\u0131k\u0131\u015f noktas\u0131 (Type C, USB ve Jack) sayesinde \u00e7e\u015fitli cihazlar\u0131n\u0131z\u0131 kolayca \u015farj edin.<\/li>\n<li>Kolay Ta\u015f\u0131nabilir:\u00c7anta benzeri ta\u015f\u0131ma alan\u0131 sayesinde bu g\u00fcne\u015f panelini diledi\u011finiz yere g\u00f6t\u00fcrebilirsiniz.<\/li>\n<li>Kompakt ve Hafif:Yakla\u015f\u0131k 1,5 kg a\u011f\u0131rl\u0131\u011f\u0131yla hem ta\u015f\u0131nabilir hem de kullan\u0131\u015fl\u0131d\u0131r.<\/li>\n<li>\u00dcr\u00fcn i\u00e7eri\u011fi : 1-50w panel,<\/li>\n<li>USB ba\u011flant\u0131 noktas\u0131 Apple2.4A&#8217;y\u0131 destekler.<\/li>\n<li>Qualcomm QC2.0 ve QC3.0&#8217;\u0131 destekler.<\/li>\n<li>Huawei H\u0131zl\u0131 \u015farj protokol\u00fc FCP ve SCP&#8217;yi destekler.<\/li>\n<li>Samsung H\u0131zl\u0131 \u015earj Protokol\u00fc AFC (MAX12V) deste\u011fi.<\/li>\n<li>Type-c aray\u00fcz\u00fc APPLE 2.4A&#8217;y\u0131 destekler.<\/li>\n<li>Samsung 5v2A<br \/>\nDCP &#8211; 1,5 A<br \/>\nPPS\/PD3.0\/PD2.0<br \/>\nQC3.0\/QC2.0<br \/>\nAFC\/FCP<br \/>\nPE2.0 ve PE1.1&#8217;i destekler.<\/li>\n<\/ul>\n","protected":false},"excerpt":{"rendered":"<p>Bu yenilik\u00e7i ve \u00e7evre dostu \u00fcr\u00fcn, yaln\u0131zca iki saatte telefonunuzu \u015farj edebilir ve hatta laptop gibi daha b\u00fcy\u00fck cihazlar\u0131 da<\/p>\n","protected":false},"featured_media":12307,"comment_status":"open","ping_status":"closed","template":"","meta":[],"product_brand":[],"product_cat":[94,180],"product_tag":[],"class_list":{"0":"post-12284","1":"product","2":"type-product","3":"status-publish","4":"has-post-thumbnail","6":"product_cat-gunes-paneli","7":"product_cat-gunes-paneli-katlanir","9":"first","10":"instock","11":"shipping-taxable","12":"purchasable","13":"product-type-simple"},"_links":{"self":[{"href":"https:\/\/3eteknoloji.com\/index.php\/wp-json\/wp\/v2\/product\/12284","targetHints":{"allow":["GET"]}}],"collection":[{"href":"https:\/\/3eteknoloji.com\/index.php\/wp-json\/wp\/v2\/product"}],"about":[{"href":"https:\/\/3eteknoloji.com\/index.php\/wp-json\/wp\/v2\/types\/product"}],"replies":[{"embeddable":true,"href":"https:\/\/3eteknoloji.com\/index.php\/wp-json\/wp\/v2\/comments?post=12284"}],"version-history":[{"count":1,"href":"https:\/\/3eteknoloji.com\/index.php\/wp-json\/wp\/v2\/product\/12284\/revisions"}],"predecessor-version":[{"id":12286,"href":"https:\/\/3eteknoloji.com\/index.php\/wp-json\/wp\/v2\/product\/12284\/revisions\/12286"}],"wp:featuredmedia":[{"embeddable":true,"href":"https:\/\/3eteknoloji.com\/index.php\/wp-json\/wp\/v2\/media\/12307"}],"wp:attachment":[{"href":"https:\/\/3eteknoloji.com\/index.php\/wp-json\/wp\/v2\/media?parent=12284"}],"wp:term":[{"taxonomy":"product_brand","embeddable":true,"href":"https:\/\/3eteknoloji.com\/index.php\/wp-json\/wp\/v2\/product_brand?post=12284"},{"taxonomy":"product_cat","embeddable":true,"href":"https:\/\/3eteknoloji.com\/index.php\/wp-json\/wp\/v2\/product_cat?post=12284"},{"taxonomy":"product_tag","embeddable":true,"href":"https:\/\/3eteknoloji.com\/index.php\/wp-json\/wp\/v2\/product_tag?post=12284"}],"curies":[{"name":"wp","href":"https:\/\/api.w.org\/{rel}","templated":true}]}}